{"id":12,"date":"2024-05-06T06:23:49","date_gmt":"2024-05-06T04:23:49","guid":{"rendered":"https:\/\/taxihuelva.adrirodrigoagencia.es\/?page_id=12"},"modified":"2025-09-29T09:20:43","modified_gmt":"2025-09-29T07:20:43","slug":"contacto","status":"publish","type":"page","link":"https:\/\/taxihuelvatransfer.com\/?page_id=12","title":{"rendered":"Contacto"},"content":{"rendered":"\t\t<div data-elementor-type=\"wp-page\" data-elementor-id=\"12\" class=\"elementor elementor-12\" data-elementor-post-type=\"page\">\n\t\t\t\t<div class=\"elementor-element elementor-element-790439f e-flex e-con-boxed e-con e-parent\" data-id=\"790439f\" data-element_type=\"container\" data-settings=\"{&quot;background_background&quot;:&quot;classic&quot;}\">\n\t\t\t\t\t<div class=\"e-con-inner\">\n\t\t\t\t<div class=\"elementor-element elementor-element-27229d7 elementor-widget elementor-widget-heading\" data-id=\"27229d7\" data-element_type=\"widget\" data-widget_type=\"heading.default\">\n\t\t\t\t<div class=\"elementor-widget-container\">\n\t\t\t\t\t<h1 class=\"elementor-heading-title elementor-size-default\">Contacto<\/h1>\t\t\t\t<\/div>\n\t\t\t\t<\/div>\n\t\t\t\t<div class=\"elementor-element elementor-element-7b85124 elementor-align-center elementor-widget elementor-widget-breadcrumbs\" data-id=\"7b85124\" data-element_type=\"widget\" data-widget_type=\"breadcrumbs.default\">\n\t\t\t\t<div class=\"elementor-widget-container\">\n\t\t\t\t\t<p id=\"breadcrumbs\"><span><span><a href=\"https:\/\/taxihuelvatransfer.com\/\">Portada<\/a><\/span><\/span><\/p>\t\t\t\t<\/div>\n\t\t\t\t<\/div>\n\t\t\t\t\t<\/div>\n\t\t\t\t<\/div>\n\t\t<div class=\"elementor-element elementor-element-22c9c90 e-con-full e-flex e-con e-parent\" data-id=\"22c9c90\" data-element_type=\"container\">\n\t\t<div class=\"elementor-element elementor-element-98b75bd e-con-full e-flex e-con e-child\" data-id=\"98b75bd\" data-element_type=\"container\">\n\t\t\t\t<div class=\"elementor-element elementor-element-286dd12 elementor-widget elementor-widget-google_maps\" data-id=\"286dd12\" data-element_type=\"widget\" data-widget_type=\"google_maps.default\">\n\t\t\t\t<div class=\"elementor-widget-container\">\n\t\t\t\t\t\t\t<div class=\"elementor-custom-embed\">\n\t\t\t<iframe loading=\"lazy\"\n\t\t\t\t\tsrc=\"https:\/\/maps.google.com\/maps?q=Calle%20Dr.%20Juan%20Nicol%C3%A1s%20M%C3%A1rquez%20Dom%C3%ADnguez%2C%209%2C%20Bloque%201%2C%202C%2C%2021005%20Huelva%2C%20Espa%C3%B1a&#038;t=m&#038;z=16&#038;output=embed&#038;iwloc=near\"\n\t\t\t\t\ttitle=\"Calle Dr. Juan Nicol\u00e1s M\u00e1rquez Dom\u00ednguez, 9, Bloque 1, 2C, 21005 Huelva, Espa\u00f1a\"\n\t\t\t\t\taria-label=\"Calle Dr. Juan Nicol\u00e1s M\u00e1rquez Dom\u00ednguez, 9, Bloque 1, 2C, 21005 Huelva, Espa\u00f1a\"\n\t\t\t><\/iframe>\n\t\t<\/div>\n\t\t\t\t\t\t<\/div>\n\t\t\t\t<\/div>\n\t\t<div class=\"elementor-element elementor-element-b856ee1 e-con-full e-flex e-con e-child\" data-id=\"b856ee1\" data-element_type=\"container\">\n\t\t<div class=\"elementor-element elementor-element-17a5090 e-con-full e-flex e-con e-child\" data-id=\"17a5090\" data-element_type=\"container\" data-settings=\"{&quot;background_background&quot;:&quot;classic&quot;}\">\n\t\t\t\t<div class=\"elementor-element elementor-element-2a41dae elementor-icon-list--layout-traditional elementor-list-item-link-full_width elementor-widget elementor-widget-icon-list\" data-id=\"2a41dae\" data-element_type=\"widget\" data-widget_type=\"icon-list.default\">\n\t\t\t\t<div class=\"elementor-widget-container\">\n\t\t\t\t\t\t\t<ul class=\"elementor-icon-list-items\">\n\t\t\t\t\t\t\t<li class=\"elementor-icon-list-item\">\n\t\t\t\t\t\t\t\t\t\t\t<span class=\"elementor-icon-list-icon\">\n\t\t\t\t\t\t\t<svg aria-hidden=\"true\" class=\"e-font-icon-svg e-fas-map-marker-alt\" viewBox=\"0 0 384 512\" xmlns=\"http:\/\/www.w3.org\/2000\/svg\"><path d=\"M172.268 501.67C26.97 291.031 0 269.413 0 192 0 85.961 85.961 0 192 0s192 85.961 192 192c0 77.413-26.97 99.031-172.268 309.67-9.535 13.774-29.93 13.773-39.464 0zM192 272c44.183 0 80-35.817 80-80s-35.817-80-80-80-80 35.817-80 80 35.817 80 80 80z\"><\/path><\/svg>\t\t\t\t\t\t<\/span>\n\t\t\t\t\t\t\t\t\t\t<span class=\"elementor-icon-list-text\">Calle Dr. Juan Nicol\u00e1s M\u00e1rquez Dom\u00ednguez, 9, Bloque 1, 2C, 21005 Huelva, Espa\u00f1a<\/span>\n\t\t\t\t\t\t\t\t\t<\/li>\n\t\t\t\t\t\t\t\t<li class=\"elementor-icon-list-item\">\n\t\t\t\t\t\t\t\t\t\t\t<a href=\"https:\/\/api.whatsapp.com\/send?phone=34676058198%20&#038;text=Hola,%20quiero%20programar%20un%20viaje!\" target=\"_blank\">\n\n\t\t\t\t\t\t\t\t\t\t\t\t<span class=\"elementor-icon-list-icon\">\n\t\t\t\t\t\t\t<svg aria-hidden=\"true\" class=\"e-font-icon-svg e-fas-phone-square-alt\" viewBox=\"0 0 448 512\" xmlns=\"http:\/\/www.w3.org\/2000\/svg\"><path d=\"M400 32H48A48 48 0 0 0 0 80v352a48 48 0 0 0 48 48h352a48 48 0 0 0 48-48V80a48 48 0 0 0-48-48zm-16.39 307.37l-15 65A15 15 0 0 1 354 416C194 416 64 286.29 64 126a15.7 15.7 0 0 1 11.63-14.61l65-15A18.23 18.23 0 0 1 144 96a16.27 16.27 0 0 1 13.79 9.09l30 70A17.9 17.9 0 0 1 189 181a17 17 0 0 1-5.5 11.61l-37.89 31a231.91 231.91 0 0 0 110.78 110.78l31-37.89A17 17 0 0 1 299 291a17.85 17.85 0 0 1 5.91 1.21l70 30A16.25 16.25 0 0 1 384 336a17.41 17.41 0 0 1-.39 3.37z\"><\/path><\/svg>\t\t\t\t\t\t<\/span>\n\t\t\t\t\t\t\t\t\t\t<span class=\"elementor-icon-list-text\">+34 676 058 198 <\/span>\n\t\t\t\t\t\t\t\t\t\t\t<\/a>\n\t\t\t\t\t\t\t\t\t<\/li>\n\t\t\t\t\t\t\t\t<li class=\"elementor-icon-list-item\">\n\t\t\t\t\t\t\t\t\t\t\t<a href=\"mailto:Taxihuelvatransfer@gmail.com\" target=\"_blank\">\n\n\t\t\t\t\t\t\t\t\t\t\t\t<span class=\"elementor-icon-list-icon\">\n\t\t\t\t\t\t\t<svg aria-hidden=\"true\" class=\"e-font-icon-svg e-fas-envelope-open-text\" viewBox=\"0 0 512 512\" xmlns=\"http:\/\/www.w3.org\/2000\/svg\"><path d=\"M176 216h160c8.84 0 16-7.16 16-16v-16c0-8.84-7.16-16-16-16H176c-8.84 0-16 7.16-16 16v16c0 8.84 7.16 16 16 16zm-16 80c0 8.84 7.16 16 16 16h160c8.84 0 16-7.16 16-16v-16c0-8.84-7.16-16-16-16H176c-8.84 0-16 7.16-16 16v16zm96 121.13c-16.42 0-32.84-5.06-46.86-15.19L0 250.86V464c0 26.51 21.49 48 48 48h416c26.51 0 48-21.49 48-48V250.86L302.86 401.94c-14.02 10.12-30.44 15.19-46.86 15.19zm237.61-254.18c-8.85-6.94-17.24-13.47-29.61-22.81V96c0-26.51-21.49-48-48-48h-77.55c-3.04-2.2-5.87-4.26-9.04-6.56C312.6 29.17 279.2-.35 256 0c-23.2-.35-56.59 29.17-73.41 41.44-3.17 2.3-6 4.36-9.04 6.56H96c-26.51 0-48 21.49-48 48v44.14c-12.37 9.33-20.76 15.87-29.61 22.81A47.995 47.995 0 0 0 0 200.72v10.65l96 69.35V96h320v184.72l96-69.35v-10.65c0-14.74-6.78-28.67-18.39-37.77z\"><\/path><\/svg>\t\t\t\t\t\t<\/span>\n\t\t\t\t\t\t\t\t\t\t<span class=\"elementor-icon-list-text\">Taxihuelvatransfer@gmail.com<\/span>\n\t\t\t\t\t\t\t\t\t\t\t<\/a>\n\t\t\t\t\t\t\t\t\t<\/li>\n\t\t\t\t\t\t<\/ul>\n\t\t\t\t\t\t<\/div>\n\t\t\t\t<\/div>\n\t\t\t\t<\/div>\n\t\t\t\t<\/div>\n\t\t\t\t<\/div>\n\t\t\t\t<\/div>\n\t\t\t\t<section class=\"elementor-section elementor-top-section elementor-element elementor-element-75d2eef5 elementor-section-boxed elementor-section-height-default elementor-section-height-default\" data-id=\"75d2eef5\" data-element_type=\"section\">\n\t\t\t\t\t\t<div class=\"elementor-container elementor-column-gap-default\">\n\t\t\t\t\t<div class=\"elementor-column elementor-col-100 elementor-top-column elementor-element elementor-element-61bd2336\" data-id=\"61bd2336\" data-element_type=\"column\">\n\t\t\t<div class=\"elementor-widget-wrap elementor-element-populated\">\n\t\t\t\t\t\t<div class=\"elementor-element elementor-element-1314cad1 elementor-widget elementor-widget-metform\" data-id=\"1314cad1\" data-element_type=\"widget\" data-widget_type=\"metform.default\">\n\t\t\t\t<div class=\"elementor-widget-container\">\n\t\t\t\t\t<div id=\"mf-response-props-id-1951\" data-previous-steps-style=\"\" data-editswitchopen=\"\" data-response_type=\"alert\" data-erroricon=\"fas fa-exclamation-triangle\" data-successicon=\"fas fa-check\" data-messageposition=\"top\" class=\"   mf-scroll-top-no\">\n\t\t<div class=\"formpicker_warper formpicker_warper_editable\" data-metform-formpicker-key=\"1951\" >\n\t\t\t\t\n\t\t\t<div class=\"mf-widget-container\">\n\t\t\t\t\r\n\t\t<div\r\n\t\t\tid=\"metform-wrap-1314cad1-1951\"\r\n\t\t\tclass=\"mf-form-wrapper\"\r\n\t\t\tdata-form-id=\"1951\"\r\n\t\t\tdata-action=\"https:\/\/taxihuelvatransfer.com\/index.php?rest_route=\/metform\/v1\/entries\/insert\/1951\"\r\n\t\t\tdata-wp-nonce=\"fd73dd4cd4\"\r\n\t\t\tdata-form-nonce=\"ca8c4b876a\"\r\n\t\t\tdata-quiz-summery = \"false\"\r\n\t\t\tdata-save-progress = \"false\"\r\n\t\t\tdata-form-type=\"contact_form\"\r\n\t\t\tdata-stop-vertical-effect=\"\"\r\n\t\t\t><\/div>\r\n\r\n\r\n\t\t<!----------------------------- \r\n\t\t\t* controls_data : find the the props passed indie of data attribute\r\n\t\t\t* props.SubmitResponseMarkup : contains the markup of error or success message\r\n\t\t\t* https:\/\/developer.mozilla.org\/en-US\/docs\/Web\/JavaScript\/Reference\/Template_literals\r\n\t\t--------------------------- -->\r\n\r\n\t\t\t\t<script type=\"text\/mf\" class=\"mf-template\">\r\n\t\t\tfunction controls_data (value){\r\n\t\t\t\tlet currentWrapper = \"mf-response-props-id-1951\";\r\n\t\t\t\tlet currentEl = document.getElementById(currentWrapper);\r\n\t\t\t\t\r\n\t\t\t\treturn currentEl ? currentEl.dataset[value] : false\r\n\t\t\t}\r\n\r\n\r\n\t\t\tlet is_edit_mode = '' ? true : false;\r\n\t\t\tlet message_position = controls_data('messageposition') || 'top';\r\n\r\n\t\t\t\r\n\t\t\tlet message_successIcon = controls_data('successicon') || '';\r\n\t\t\tlet message_errorIcon = controls_data('erroricon') || '';\r\n\t\t\tlet message_editSwitch = controls_data('editswitchopen') === 'yes' ? true : false;\r\n\t\t\tlet message_proClass = controls_data('editswitchopen') === 'yes' ? 'mf_pro_activated' : '';\r\n\t\t\t\r\n\t\t\tlet is_dummy_markup = is_edit_mode && message_editSwitch ? true : false;\r\n\r\n\t\t\t\r\n\t\t\treturn html`\r\n\t\t\t\t<form\r\n\t\t\t\t\tclassName=\"metform-form-content\"\r\n\t\t\t\t\tref=${parent.formContainerRef}\r\n\t\t\t\t\tonSubmit=${ validation.handleSubmit( parent.handleFormSubmit ) }\r\n\t\t\t\t\r\n\t\t\t\t\t>\r\n\t\t\t\r\n\t\t\t\r\n\t\t\t\t\t${is_dummy_markup ? message_position === 'top' ?  props.ResponseDummyMarkup(message_successIcon, message_proClass) : '' : ''}\r\n\t\t\t\t\t${is_dummy_markup ? ' ' :  message_position === 'top' ? props.SubmitResponseMarkup`${parent}${state}${message_successIcon}${message_errorIcon}${message_proClass}` : ''}\r\n\r\n\t\t\t\t\t<!--------------------------------------------------------\r\n\t\t\t\t\t*** IMPORTANT \/ DANGEROUS ***\r\n\t\t\t\t\t${html``} must be used as in immediate child of \"metform-form-main-wrapper\"\r\n\t\t\t\t\tclass otherwise multistep form will not run at all\r\n\t\t\t\t\t---------------------------------------------------------->\r\n\r\n\t\t\t\t\t<div className=\"metform-form-main-wrapper\" key=${'hide-form-after-submit'} ref=${parent.formRef}>\r\n\t\t\t\t\t${html`\r\n\t\t\t\t\t\t\t\t\t\t\t`}\r\n\t\t\t\t\t<\/div>\r\n\r\n\t\t\t\t\t${is_dummy_markup ? message_position === 'bottom' ? props.ResponseDummyMarkup(message_successIcon, message_proClass) : '' : ''}\r\n\t\t\t\t\t${is_dummy_markup ? ' ' : message_position === 'bottom' ? props.SubmitResponseMarkup`${parent}${state}${message_successIcon}${message_errorIcon}${message_proClass}` : ''}\r\n\t\t\t\t\r\n\t\t\t\t<\/form>\r\n\t\t\t`\r\n\t\t<\/script>\r\n\r\n\t\t\t\t\t<\/div>\n\t\t<\/div>\n\t\t<\/div>\t\t\t\t<\/div>\n\t\t\t\t<\/div>\n\t\t\t\t\t<\/div>\n\t\t<\/div>\n\t\t\t\t\t<\/div>\n\t\t<\/section>\n\t\t\t\t<\/div>\n\t\t","protected":false},"excerpt":{"rendered":"<p>Contacto Calle Dr. Juan Nicol\u00e1s M\u00e1rquez Dom\u00ednguez, 9, Bloque 1, 2C, 21005 Huelva, Espa\u00f1a +34 676 058 198 Taxihuelvatransfer@gmail.com<\/p>\n","protected":false},"author":18,"featured_media":114,"parent":0,"menu_order":5,"comment_status":"closed","ping_status":"closed","template":"elementor_header_footer","meta":{"_joinchat":[],"footnotes":""},"class_list":["post-12","page","type-page","status-publish","has-post-thumbnail","hentry"],"yoast_head":"<!-- This site is optimized with the Yoast SEO plugin v25.4 - https:\/\/yoast.com\/wordpress\/plugins\/seo\/ -->\n<title>\u25b7 Taxi Huelva Transfer - Contacto<\/title>\n<meta name=\"description\" content=\"Cont\u00e1ctanos para reservar tu taxi de lujo en Huelva con el Tesla Model Y. Ll\u00e1manos o escr\u00edbenos para servicios de transfer, traslados directos a aeropuertos y eventos especiales.\" \/>\n<meta name=\"robots\" content=\"index, follow, max-snippet:-1, max-image-preview:large, max-video-preview:-1\" \/>\n<link rel=\"canonical\" href=\"https:\/\/taxihuelvatransfer.com\/?page_id=12\" \/>\n<meta property=\"og:locale\" content=\"es_ES\" \/>\n<meta property=\"og:type\" content=\"article\" \/>\n<meta property=\"og:title\" content=\"\u25b7 Taxi Huelva Transfer - Contacto\" \/>\n<meta property=\"og:description\" content=\"Cont\u00e1ctanos para reservar tu taxi de lujo en Huelva con el Tesla Model Y. Ll\u00e1manos o escr\u00edbenos para servicios de transfer, traslados directos a aeropuertos y eventos especiales.\" \/>\n<meta property=\"og:url\" content=\"https:\/\/taxihuelvatransfer.com\/?page_id=12\" \/>\n<meta property=\"og:site_name\" content=\"Taxi Huelva Transfer\" \/>\n<meta property=\"article:modified_time\" content=\"2025-09-29T07:20:43+00:00\" \/>\n<meta property=\"og:image\" content=\"https:\/\/taxihuelvatransfer.com\/wp-content\/uploads\/2024\/05\/slide01-taxi-huelva.jpg\" \/>\n\t<meta property=\"og:image:width\" content=\"1920\" \/>\n\t<meta property=\"og:image:height\" content=\"1080\" \/>\n\t<meta property=\"og:image:type\" content=\"image\/jpeg\" \/>\n<meta name=\"twitter:card\" content=\"summary_large_image\" \/>\n<meta name=\"twitter:label1\" content=\"Tiempo de lectura\" \/>\n\t<meta name=\"twitter:data1\" content=\"1 minuto\" \/>\n<script type=\"application\/ld+json\" class=\"yoast-schema-graph\">{\"@context\":\"https:\/\/schema.org\",\"@graph\":[{\"@type\":\"WebPage\",\"@id\":\"https:\/\/taxihuelvatransfer.com\/?page_id=12\",\"url\":\"https:\/\/taxihuelvatransfer.com\/?page_id=12\",\"name\":\"\u25b7 Taxi Huelva Transfer - Contacto\",\"isPartOf\":{\"@id\":\"https:\/\/taxihuelvatransfer.com\/#website\"},\"primaryImageOfPage\":{\"@id\":\"https:\/\/taxihuelvatransfer.com\/?page_id=12#primaryimage\"},\"image\":{\"@id\":\"https:\/\/taxihuelvatransfer.com\/?page_id=12#primaryimage\"},\"thumbnailUrl\":\"https:\/\/taxihuelvatransfer.com\/wp-content\/uploads\/2024\/05\/slide01-taxi-huelva.jpg\",\"datePublished\":\"2024-05-06T04:23:49+00:00\",\"dateModified\":\"2025-09-29T07:20:43+00:00\",\"description\":\"Cont\u00e1ctanos para reservar tu taxi de lujo en Huelva con el Tesla Model Y. Ll\u00e1manos o escr\u00edbenos para servicios de transfer, traslados directos a aeropuertos y eventos especiales.\",\"breadcrumb\":{\"@id\":\"https:\/\/taxihuelvatransfer.com\/?page_id=12#breadcrumb\"},\"inLanguage\":\"es\",\"potentialAction\":[{\"@type\":\"ReadAction\",\"target\":[\"https:\/\/taxihuelvatransfer.com\/?page_id=12\"]}]},{\"@type\":\"ImageObject\",\"inLanguage\":\"es\",\"@id\":\"https:\/\/taxihuelvatransfer.com\/?page_id=12#primaryimage\",\"url\":\"https:\/\/taxihuelvatransfer.com\/wp-content\/uploads\/2024\/05\/slide01-taxi-huelva.jpg\",\"contentUrl\":\"https:\/\/taxihuelvatransfer.com\/wp-content\/uploads\/2024\/05\/slide01-taxi-huelva.jpg\",\"width\":1920,\"height\":1080,\"caption\":\"Taxi en Huelva 24 horas\"},{\"@type\":\"BreadcrumbList\",\"@id\":\"https:\/\/taxihuelvatransfer.com\/?page_id=12#breadcrumb\",\"itemListElement\":[{\"@type\":\"ListItem\",\"position\":1,\"name\":\"Portada\",\"item\":\"https:\/\/taxihuelvatransfer.com\/\"},{\"@type\":\"ListItem\",\"position\":2,\"name\":\"Contacto\"}]},{\"@type\":\"WebSite\",\"@id\":\"https:\/\/taxihuelvatransfer.com\/#website\",\"url\":\"https:\/\/taxihuelvatransfer.com\/\",\"name\":\"Taxi Huelva Transfer\",\"description\":\"Experiencia premium, huella ecol\u00f3gica m\u00ednima\",\"publisher\":{\"@id\":\"https:\/\/taxihuelvatransfer.com\/#organization\"},\"potentialAction\":[{\"@type\":\"SearchAction\",\"target\":{\"@type\":\"EntryPoint\",\"urlTemplate\":\"https:\/\/taxihuelvatransfer.com\/?s={search_term_string}\"},\"query-input\":{\"@type\":\"PropertyValueSpecification\",\"valueRequired\":true,\"valueName\":\"search_term_string\"}}],\"inLanguage\":\"es\"},{\"@type\":\"Organization\",\"@id\":\"https:\/\/taxihuelvatransfer.com\/#organization\",\"name\":\"Taxi Huelva Transfer\",\"url\":\"https:\/\/taxihuelvatransfer.com\/\",\"logo\":{\"@type\":\"ImageObject\",\"inLanguage\":\"es\",\"@id\":\"https:\/\/taxihuelvatransfer.com\/#\/schema\/logo\/image\/\",\"url\":\"https:\/\/taxihuelvatransfer.com\/wp-content\/uploads\/2024\/05\/logoweb-taxi-de-huelva-03-03.png\",\"contentUrl\":\"https:\/\/taxihuelvatransfer.com\/wp-content\/uploads\/2024\/05\/logoweb-taxi-de-huelva-03-03.png\",\"width\":339,\"height\":168,\"caption\":\"Taxi Huelva Transfer\"},\"image\":{\"@id\":\"https:\/\/taxihuelvatransfer.com\/#\/schema\/logo\/image\/\"}}]}<\/script>\n<!-- \/ Yoast SEO plugin. -->","yoast_head_json":{"title":"\u25b7 Taxi Huelva Transfer - Contacto","description":"Cont\u00e1ctanos para reservar tu taxi de lujo en Huelva con el Tesla Model Y. Ll\u00e1manos o escr\u00edbenos para servicios de transfer, traslados directos a aeropuertos y eventos especiales.","robots":{"index":"index","follow":"follow","max-snippet":"max-snippet:-1","max-image-preview":"max-image-preview:large","max-video-preview":"max-video-preview:-1"},"canonical":"https:\/\/taxihuelvatransfer.com\/?page_id=12","og_locale":"es_ES","og_type":"article","og_title":"\u25b7 Taxi Huelva Transfer - Contacto","og_description":"Cont\u00e1ctanos para reservar tu taxi de lujo en Huelva con el Tesla Model Y. Ll\u00e1manos o escr\u00edbenos para servicios de transfer, traslados directos a aeropuertos y eventos especiales.","og_url":"https:\/\/taxihuelvatransfer.com\/?page_id=12","og_site_name":"Taxi Huelva Transfer","article_modified_time":"2025-09-29T07:20:43+00:00","og_image":[{"width":1920,"height":1080,"url":"https:\/\/taxihuelvatransfer.com\/wp-content\/uploads\/2024\/05\/slide01-taxi-huelva.jpg","type":"image\/jpeg"}],"twitter_card":"summary_large_image","twitter_misc":{"Tiempo de lectura":"1 minuto"},"schema":{"@context":"https:\/\/schema.org","@graph":[{"@type":"WebPage","@id":"https:\/\/taxihuelvatransfer.com\/?page_id=12","url":"https:\/\/taxihuelvatransfer.com\/?page_id=12","name":"\u25b7 Taxi Huelva Transfer - Contacto","isPartOf":{"@id":"https:\/\/taxihuelvatransfer.com\/#website"},"primaryImageOfPage":{"@id":"https:\/\/taxihuelvatransfer.com\/?page_id=12#primaryimage"},"image":{"@id":"https:\/\/taxihuelvatransfer.com\/?page_id=12#primaryimage"},"thumbnailUrl":"https:\/\/taxihuelvatransfer.com\/wp-content\/uploads\/2024\/05\/slide01-taxi-huelva.jpg","datePublished":"2024-05-06T04:23:49+00:00","dateModified":"2025-09-29T07:20:43+00:00","description":"Cont\u00e1ctanos para reservar tu taxi de lujo en Huelva con el Tesla Model Y. Ll\u00e1manos o escr\u00edbenos para servicios de transfer, traslados directos a aeropuertos y eventos especiales.","breadcrumb":{"@id":"https:\/\/taxihuelvatransfer.com\/?page_id=12#breadcrumb"},"inLanguage":"es","potentialAction":[{"@type":"ReadAction","target":["https:\/\/taxihuelvatransfer.com\/?page_id=12"]}]},{"@type":"ImageObject","inLanguage":"es","@id":"https:\/\/taxihuelvatransfer.com\/?page_id=12#primaryimage","url":"https:\/\/taxihuelvatransfer.com\/wp-content\/uploads\/2024\/05\/slide01-taxi-huelva.jpg","contentUrl":"https:\/\/taxihuelvatransfer.com\/wp-content\/uploads\/2024\/05\/slide01-taxi-huelva.jpg","width":1920,"height":1080,"caption":"Taxi en Huelva 24 horas"},{"@type":"BreadcrumbList","@id":"https:\/\/taxihuelvatransfer.com\/?page_id=12#breadcrumb","itemListElement":[{"@type":"ListItem","position":1,"name":"Portada","item":"https:\/\/taxihuelvatransfer.com\/"},{"@type":"ListItem","position":2,"name":"Contacto"}]},{"@type":"WebSite","@id":"https:\/\/taxihuelvatransfer.com\/#website","url":"https:\/\/taxihuelvatransfer.com\/","name":"Taxi Huelva Transfer","description":"Experiencia premium, huella ecol\u00f3gica m\u00ednima","publisher":{"@id":"https:\/\/taxihuelvatransfer.com\/#organization"},"potentialAction":[{"@type":"SearchAction","target":{"@type":"EntryPoint","urlTemplate":"https:\/\/taxihuelvatransfer.com\/?s={search_term_string}"},"query-input":{"@type":"PropertyValueSpecification","valueRequired":true,"valueName":"search_term_string"}}],"inLanguage":"es"},{"@type":"Organization","@id":"https:\/\/taxihuelvatransfer.com\/#organization","name":"Taxi Huelva Transfer","url":"https:\/\/taxihuelvatransfer.com\/","logo":{"@type":"ImageObject","inLanguage":"es","@id":"https:\/\/taxihuelvatransfer.com\/#\/schema\/logo\/image\/","url":"https:\/\/taxihuelvatransfer.com\/wp-content\/uploads\/2024\/05\/logoweb-taxi-de-huelva-03-03.png","contentUrl":"https:\/\/taxihuelvatransfer.com\/wp-content\/uploads\/2024\/05\/logoweb-taxi-de-huelva-03-03.png","width":339,"height":168,"caption":"Taxi Huelva Transfer"},"image":{"@id":"https:\/\/taxihuelvatransfer.com\/#\/schema\/logo\/image\/"}}]}},"_links":{"self":[{"href":"https:\/\/taxihuelvatransfer.com\/index.php?rest_route=\/wp\/v2\/pages\/12","targetHints":{"allow":["GET"]}}],"collection":[{"href":"https:\/\/taxihuelvatransfer.com\/index.php?rest_route=\/wp\/v2\/pages"}],"about":[{"href":"https:\/\/taxihuelvatransfer.com\/index.php?rest_route=\/wp\/v2\/types\/page"}],"author":[{"embeddable":true,"href":"https:\/\/taxihuelvatransfer.com\/index.php?rest_route=\/wp\/v2\/users\/18"}],"replies":[{"embeddable":true,"href":"https:\/\/taxihuelvatransfer.com\/index.php?rest_route=%2Fwp%2Fv2%2Fcomments&post=12"}],"version-history":[{"count":6,"href":"https:\/\/taxihuelvatransfer.com\/index.php?rest_route=\/wp\/v2\/pages\/12\/revisions"}],"predecessor-version":[{"id":526,"href":"https:\/\/taxihuelvatransfer.com\/index.php?rest_route=\/wp\/v2\/pages\/12\/revisions\/526"}],"wp:featuredmedia":[{"embeddable":true,"href":"https:\/\/taxihuelvatransfer.com\/index.php?rest_route=\/wp\/v2\/media\/114"}],"wp:attachment":[{"href":"https:\/\/taxihuelvatransfer.com\/index.php?rest_route=%2Fwp%2Fv2%2Fmedia&parent=12"}],"curies":[{"name":"wp","href":"https:\/\/api.w.org\/{rel}","templated":true}]}}